{"id":888,"date":"2025-08-15T10:39:48","date_gmt":"2025-08-15T08:39:48","guid":{"rendered":"https:\/\/tarot-numerologie.der-koenig.net\/mentions-legales\/"},"modified":"2025-10-15T11:59:40","modified_gmt":"2025-10-15T09:59:40","slug":"mentions-legales","status":"publish","type":"page","link":"https:\/\/tarot-numerologie.lu\/fr\/mentions-legales\/","title":{"rendered":"Mentions l\u00e9gales"},"content":{"rendered":"<p>[et_pb_section fb_built=\u00a0\u00bb1&Prime; _builder_version=\u00a0\u00bb4.27.4&Prime; _module_preset=\u00a0\u00bbdefault\u00a0\u00bb global_colors_info=\u00a0\u00bb{}\u00a0\u00bb][et_pb_row _builder_version=\u00a0\u00bb4.27.4&Prime; _module_preset=\u00a0\u00bbdefault\u00a0\u00bb global_colors_info=\u00a0\u00bb{}\u00a0\u00bb][et_pb_column type=\u00a0\u00bb4_4&Prime; _builder_version=\u00a0\u00bb4.27.4&Prime; _module_preset=\u00a0\u00bbdefault\u00a0\u00bb global_colors_info=\u00a0\u00bb{}\u00a0\u00bb][et_pb_text _builder_version=\u00a0\u00bb4.27.4&Prime; _module_preset=\u00a0\u00bbdefault\u00a0\u00bb hover_enabled=\u00a0\u00bb0&Prime; global_colors_info=\u00a0\u00bb{}\u00a0\u00bb sticky_enabled=\u00a0\u00bb0&Prime;]<\/p>\n<h1>Mentions l\u00e9gales<\/h1>\n<p>Frank Wiltgen<br \/>2, rue du Ruisseau<br \/>L-7592 Beringen<\/p>\n<h2>Contact<\/h2>\n<p>T\u00e9l\u00e9phone : +352 691 338 999<br \/>E-mail : frank@tarot-numerologie.lu<\/p>\n<h2>R\u00e8glement des litiges de consommation\/organe universel de conciliation<\/h2>\n<p>Nous ne sommes pas pr\u00eats ou oblig\u00e9s de participer \u00e0 des proc\u00e9dures de r\u00e8glement des litiges devant un organisme de conciliation des consommateurs.<\/p>\n<p>[\/et_pb_text][\/et_pb_column][\/et_pb_row][\/et_pb_section]<\/p>\n","protected":false},"excerpt":{"rendered":"<p>Mentions l\u00e9gales Frank Wiltgen2, rue du RuisseauL-7592 Beringen Contact T\u00e9l\u00e9phone : +352 691 338 999E-mail : frank@tarot-numerologie.lu R\u00e8glement des litiges de consommation\/organe universel de conciliation Nous ne sommes pas pr\u00eats ou oblig\u00e9s de participer \u00e0 des proc\u00e9dures de r\u00e8glement des litiges devant un organisme de conciliation des consommateurs.<\/p>\n","protected":false},"author":1,"featured_media":0,"parent":0,"menu_order":9,"comment_status":"closed","ping_status":"closed","template":"","meta":{"_et_pb_use_builder":"on","_et_pb_old_content":"","_et_gb_content_width":"","footnotes":""},"class_list":["post-888","page","type-page","status-publish","hentry"],"yoast_head":"<!-- This site is optimized with the Yoast SEO plugin v27.3 - https:\/\/yoast.com\/product\/yoast-seo-wordpress\/ -->\n<title>Mentions l\u00e9gales - Tarot &amp; Numerologie Frank Wiltgen<\/title>\n<meta name=\"robots\" content=\"index, follow, max-snippet:-1, max-image-preview:large, max-video-preview:-1\" \/>\n<link rel=\"canonical\" href=\"https:\/\/tarot-numerologie.lu\/fr\/mentions-legales\/\" \/>\n<meta property=\"og:locale\" content=\"fr_FR\" \/>\n<meta property=\"og:type\" content=\"article\" \/>\n<meta property=\"og:title\" content=\"Mentions l\u00e9gales - Tarot &amp; Numerologie Frank Wiltgen\" \/>\n<meta property=\"og:description\" content=\"Mentions l\u00e9gales Frank Wiltgen2, rue du RuisseauL-7592 Beringen Contact T\u00e9l\u00e9phone : +352 691 338 999E-mail : frank@tarot-numerologie.lu R\u00e8glement des litiges de consommation\/organe universel de conciliation Nous ne sommes pas pr\u00eats ou oblig\u00e9s de participer \u00e0 des proc\u00e9dures de r\u00e8glement des litiges devant un organisme de conciliation des consommateurs.\" \/>\n<meta property=\"og:url\" content=\"https:\/\/tarot-numerologie.lu\/fr\/mentions-legales\/\" \/>\n<meta property=\"og:site_name\" content=\"Tarot &amp; Numerologie Frank Wiltgen\" \/>\n<meta property=\"article:modified_time\" content=\"2025-10-15T09:59:40+00:00\" \/>\n<meta name=\"twitter:card\" content=\"summary_large_image\" \/>\n<meta name=\"twitter:label1\" content=\"Dur\u00e9e de lecture estim\u00e9e\" \/>\n\t<meta name=\"twitter:data1\" content=\"1 minute\" \/>\n<script type=\"application\/ld+json\" class=\"yoast-schema-graph\">{\"@context\":\"https:\\\/\\\/schema.org\",\"@graph\":[{\"@type\":\"WebPage\",\"@id\":\"https:\\\/\\\/tarot-numerologie.lu\\\/fr\\\/mentions-legales\\\/\",\"url\":\"https:\\\/\\\/tarot-numerologie.lu\\\/fr\\\/mentions-legales\\\/\",\"name\":\"Mentions l\u00e9gales - Tarot &amp; Numerologie Frank Wiltgen\",\"isPartOf\":{\"@id\":\"https:\\\/\\\/tarot-numerologie.lu\\\/fr\\\/#website\"},\"datePublished\":\"2025-08-15T08:39:48+00:00\",\"dateModified\":\"2025-10-15T09:59:40+00:00\",\"breadcrumb\":{\"@id\":\"https:\\\/\\\/tarot-numerologie.lu\\\/fr\\\/mentions-legales\\\/#breadcrumb\"},\"inLanguage\":\"fr-FR\",\"potentialAction\":[{\"@type\":\"ReadAction\",\"target\":[\"https:\\\/\\\/tarot-numerologie.lu\\\/fr\\\/mentions-legales\\\/\"]}]},{\"@type\":\"BreadcrumbList\",\"@id\":\"https:\\\/\\\/tarot-numerologie.lu\\\/fr\\\/mentions-legales\\\/#breadcrumb\",\"itemListElement\":[{\"@type\":\"ListItem\",\"position\":1,\"name\":\"Startseite\",\"item\":\"https:\\\/\\\/tarot-numerologie.lu\\\/fr\\\/\"},{\"@type\":\"ListItem\",\"position\":2,\"name\":\"Mentions l\u00e9gales\"}]},{\"@type\":\"WebSite\",\"@id\":\"https:\\\/\\\/tarot-numerologie.lu\\\/fr\\\/#website\",\"url\":\"https:\\\/\\\/tarot-numerologie.lu\\\/fr\\\/\",\"name\":\"Tarot & Numerologie Frank Wiltgen\",\"description\":\"\",\"potentialAction\":[{\"@type\":\"SearchAction\",\"target\":{\"@type\":\"EntryPoint\",\"urlTemplate\":\"https:\\\/\\\/tarot-numerologie.lu\\\/fr\\\/?s={search_term_string}\"},\"query-input\":{\"@type\":\"PropertyValueSpecification\",\"valueRequired\":true,\"valueName\":\"search_term_string\"}}],\"inLanguage\":\"fr-FR\"}]}<\/script>\n<!-- \/ Yoast SEO plugin. -->","yoast_head_json":{"title":"Mentions l\u00e9gales - Tarot &amp; Numerologie Frank Wiltgen","robots":{"index":"index","follow":"follow","max-snippet":"max-snippet:-1","max-image-preview":"max-image-preview:large","max-video-preview":"max-video-preview:-1"},"canonical":"https:\/\/tarot-numerologie.lu\/fr\/mentions-legales\/","og_locale":"fr_FR","og_type":"article","og_title":"Mentions l\u00e9gales - Tarot &amp; Numerologie Frank Wiltgen","og_description":"Mentions l\u00e9gales Frank Wiltgen2, rue du RuisseauL-7592 Beringen Contact T\u00e9l\u00e9phone : +352 691 338 999E-mail : frank@tarot-numerologie.lu R\u00e8glement des litiges de consommation\/organe universel de conciliation Nous ne sommes pas pr\u00eats ou oblig\u00e9s de participer \u00e0 des proc\u00e9dures de r\u00e8glement des litiges devant un organisme de conciliation des consommateurs.","og_url":"https:\/\/tarot-numerologie.lu\/fr\/mentions-legales\/","og_site_name":"Tarot &amp; Numerologie Frank Wiltgen","article_modified_time":"2025-10-15T09:59:40+00:00","twitter_card":"summary_large_image","twitter_misc":{"Dur\u00e9e de lecture estim\u00e9e":"1 minute"},"schema":{"@context":"https:\/\/schema.org","@graph":[{"@type":"WebPage","@id":"https:\/\/tarot-numerologie.lu\/fr\/mentions-legales\/","url":"https:\/\/tarot-numerologie.lu\/fr\/mentions-legales\/","name":"Mentions l\u00e9gales - Tarot &amp; Numerologie Frank Wiltgen","isPartOf":{"@id":"https:\/\/tarot-numerologie.lu\/fr\/#website"},"datePublished":"2025-08-15T08:39:48+00:00","dateModified":"2025-10-15T09:59:40+00:00","breadcrumb":{"@id":"https:\/\/tarot-numerologie.lu\/fr\/mentions-legales\/#breadcrumb"},"inLanguage":"fr-FR","potentialAction":[{"@type":"ReadAction","target":["https:\/\/tarot-numerologie.lu\/fr\/mentions-legales\/"]}]},{"@type":"BreadcrumbList","@id":"https:\/\/tarot-numerologie.lu\/fr\/mentions-legales\/#breadcrumb","itemListElement":[{"@type":"ListItem","position":1,"name":"Startseite","item":"https:\/\/tarot-numerologie.lu\/fr\/"},{"@type":"ListItem","position":2,"name":"Mentions l\u00e9gales"}]},{"@type":"WebSite","@id":"https:\/\/tarot-numerologie.lu\/fr\/#website","url":"https:\/\/tarot-numerologie.lu\/fr\/","name":"Tarot & Numerologie Frank Wiltgen","description":"","potentialAction":[{"@type":"SearchAction","target":{"@type":"EntryPoint","urlTemplate":"https:\/\/tarot-numerologie.lu\/fr\/?s={search_term_string}"},"query-input":{"@type":"PropertyValueSpecification","valueRequired":true,"valueName":"search_term_string"}}],"inLanguage":"fr-FR"}]}},"_links":{"self":[{"href":"https:\/\/tarot-numerologie.lu\/fr\/wp-json\/wp\/v2\/pages\/888","targetHints":{"allow":["GET"]}}],"collection":[{"href":"https:\/\/tarot-numerologie.lu\/fr\/wp-json\/wp\/v2\/pages"}],"about":[{"href":"https:\/\/tarot-numerologie.lu\/fr\/wp-json\/wp\/v2\/types\/page"}],"author":[{"embeddable":true,"href":"https:\/\/tarot-numerologie.lu\/fr\/wp-json\/wp\/v2\/users\/1"}],"replies":[{"embeddable":true,"href":"https:\/\/tarot-numerologie.lu\/fr\/wp-json\/wp\/v2\/comments?post=888"}],"version-history":[{"count":8,"href":"https:\/\/tarot-numerologie.lu\/fr\/wp-json\/wp\/v2\/pages\/888\/revisions"}],"predecessor-version":[{"id":1170,"href":"https:\/\/tarot-numerologie.lu\/fr\/wp-json\/wp\/v2\/pages\/888\/revisions\/1170"}],"wp:attachment":[{"href":"https:\/\/tarot-numerologie.lu\/fr\/wp-json\/wp\/v2\/media?parent=888"}],"curies":[{"name":"wp","href":"https:\/\/api.w.org\/{rel}","templated":true}]}}