{"id":512,"date":"2025-08-13T17:18:38","date_gmt":"2025-08-13T15:18:38","guid":{"rendered":"https:\/\/tarot-numerologie.der-koenig.net\/a-propos-de-moi\/"},"modified":"2026-01-29T11:04:11","modified_gmt":"2026-01-29T10:04:11","slug":"a-propos-de-moi","status":"publish","type":"page","link":"https:\/\/tarot-numerologie.lu\/fr\/a-propos-de-moi\/","title":{"rendered":"\u00e0 propos de moi"},"content":{"rendered":"<p>[et_pb_section fb_built=\u00a0\u00bb1&Prime; next_background_color=\u00a0\u00bb#f7f7f7&Prime; admin_label=\u00a0\u00bbHero Section\u00a0\u00bb _builder_version=\u00a0\u00bb4.27.4&Prime; background_color=\u00a0\u00bbRGBA(255,255,255,0)\u00a0\u00bb use_background_color_gradient=\u00a0\u00bbon\u00a0\u00bb background_color_gradient_stops=\u00a0\u00bbrgba(0,0,0,0.4) 0%|rgba(0,0,0,0.4) 100%\u00a0\u00bb background_color_gradient_overlays_image=\u00a0\u00bbon\u00a0\u00bb background_color_gradient_start=\u00a0\u00bbrgba(0,0,0,0.4)\u00a0\u00bb background_color_gradient_end=\u00a0\u00bbrgba(0,0,0,0.4)\u00a0\u00bb background_image=\u00a0\u00bbhttps:\/\/tarot-numerologie.lu\/wp-content\/uploads\/2025\/07\/Home_Tarot.jpg\u00a0\u00bb background_position=\u00a0\u00bbcenter_right\u00a0\u00bb custom_padding=\u00a0\u00bb10%||10%||false|false\u00a0\u00bb bottom_divider_style=\u00a0\u00bbarrow\u00a0\u00bb bottom_divider_height=\u00a0\u00bb60px\u00a0\u00bb global_colors_info=\u00a0\u00bb{}\u00a0\u00bb background_color_gradient_direction__hover=\u00a0\u00bb180deg\u00a0\u00bb background_color_gradient_direction__hover_enabled=\u00a0\u00bb180deg\u00a0\u00bb background_color_gradient_start_position__hover=\u00a0\u00bb0%\u00a0\u00bb background_color_gradient_start_position__hover_enabled=\u00a0\u00bb0%\u00a0\u00bb background_color_gradient_end_position__hover=\u00a0\u00bb100%\u00a0\u00bb background_color_gradient_end_position__hover_enabled=\u00a0\u00bb100%\u00a0\u00bb background_color_gradient_stops__hover=\u00a0\u00bbrgba(0,0,0,0.4) 0%|rgba(0,0,0,0.4) 100%\u00a0\u00bb][et_pb_row _builder_version=\u00a0\u00bb4.16&Prime; background_size=\u00a0\u00bbinitial\u00a0\u00bb background_position=\u00a0\u00bbtop_left\u00a0\u00bb background_repeat=\u00a0\u00bbrepeat\u00a0\u00bb global_colors_info=\u00a0\u00bb{}\u00a0\u00bb][et_pb_column type=\u00a0\u00bb4_4&Prime; _builder_version=\u00a0\u00bb4.16&Prime; custom_padding=\u00a0\u00bb|||\u00a0\u00bb global_colors_info=\u00a0\u00bb{}\u00a0\u00bb custom_padding__hover=\u00a0\u00bb|||\u00a0\u00bb][et_pb_text admin_label=\u00a0\u00bbHero Section Title\u00a0\u00bb _builder_version=\u00a0\u00bb4.27.4&Prime; text_font=\u00a0\u00bb|||on|||||\u00a0\u00bb header_font=\u00a0\u00bbMontserrat|600|||||||\u00a0\u00bb header_font_size=\u00a0\u00bb48px\u00a0\u00bb header_letter_spacing=\u00a0\u00bb3px\u00a0\u00bb header_line_height=\u00a0\u00bb1.3em\u00a0\u00bb header_2_font=\u00a0\u00bbMontserrat|700|||||||\u00a0\u00bb header_2_text_color=\u00a0\u00bbrgba(255,255,255,0.6)\u00a0\u00bb header_2_font_size=\u00a0\u00bb90px\u00a0\u00bb header_2_letter_spacing=\u00a0\u00bb3px\u00a0\u00bb header_2_line_height=\u00a0\u00bb1.1em\u00a0\u00bb text_orientation=\u00a0\u00bbcenter\u00a0\u00bb background_layout=\u00a0\u00bbdark\u00a0\u00bb module_alignment=\u00a0\u00bbcenter\u00a0\u00bb custom_margin=\u00a0\u00bb||60px|\u00a0\u00bb animation_style=\u00a0\u00bbslide\u00a0\u00bb animation_direction=\u00a0\u00bbbottom\u00a0\u00bb animation_intensity_slide=\u00a0\u00bb5%\u00a0\u00bb header_font_size_tablet=\u00a0\u00bb\u00a0\u00bb header_font_size_phone=\u00a0\u00bb28px\u00a0\u00bb header_font_size_last_edited=\u00a0\u00bbon|phone\u00a0\u00bb header_2_font_size_tablet=\u00a0\u00bb\u00a0\u00bb header_2_font_size_phone=\u00a0\u00bb50px\u00a0\u00bb header_2_font_size_last_edited=\u00a0\u00bbon|phone\u00a0\u00bb global_colors_info=\u00a0\u00bb{}\u00a0\u00bb]<\/p>\n<h2>Frank Wiltgen<\/h2>\n<h1>\u00c0 propos de moi<\/h1>\n<p>[\/et_pb_text][\/et_pb_column][\/et_pb_row][et_pb_row column_structure=\u00a0\u00bb1_2,1_2&Prime; _builder_version=\u00a0\u00bb4.27.4&Prime; _module_preset=\u00a0\u00bbdefault\u00a0\u00bb global_colors_info=\u00a0\u00bb{}\u00a0\u00bb][et_pb_column type=\u00a0\u00bb1_2&Prime; _builder_version=\u00a0\u00bb4.27.4&Prime; _module_preset=\u00a0\u00bbdefault\u00a0\u00bb global_colors_info=\u00a0\u00bb{}\u00a0\u00bb][et_pb_button button_text=\u00a0\u00bb\u00c0 propos de Frank Wiltgen\u00a0\u00bb button_alignment=\u00a0\u00bbcenter\u00a0\u00bb admin_label=\u00a0\u00bbButton\u00a0\u00bb _builder_version=\u00a0\u00bb4.27.4&Prime; custom_button=\u00a0\u00bbon\u00a0\u00bb button_text_size=\u00a0\u00bb16px\u00a0\u00bb button_text_color=\u00a0\u00bb#ffffff\u00a0\u00bb button_bg_color=\u00a0\u00bb#54008B\u00a0\u00bb button_border_width=\u00a0\u00bb0px\u00a0\u00bb button_letter_spacing=\u00a0\u00bb2px\u00a0\u00bb button_font=\u00a0\u00bbMontserrat|600||on|||||\u00a0\u00bb custom_margin=\u00a0\u00bb|||\u00a0\u00bb custom_padding=\u00a0\u00bb12px||12px|\u00a0\u00bb animation_style=\u00a0\u00bbfade\u00a0\u00bb hover_enabled=\u00a0\u00bb0&Prime; button_letter_spacing_hover=\u00a0\u00bb2px\u00a0\u00bb global_colors_info=\u00a0\u00bb{}\u00a0\u00bb button_text_size__hover_enabled=\u00a0\u00bboff\u00a0\u00bb button_one_text_size__hover_enabled=\u00a0\u00bboff\u00a0\u00bb button_two_text_size__hover_enabled=\u00a0\u00bboff\u00a0\u00bb button_text_color__hover_enabled=\u00a0\u00bboff\u00a0\u00bb button_one_text_color__hover_enabled=\u00a0\u00bboff\u00a0\u00bb button_two_text_color__hover_enabled=\u00a0\u00bboff\u00a0\u00bb button_border_width__hover_enabled=\u00a0\u00bboff\u00a0\u00bb button_one_border_width__hover_enabled=\u00a0\u00bboff\u00a0\u00bb button_two_border_width__hover_enabled=\u00a0\u00bboff\u00a0\u00bb button_border_color__hover_enabled=\u00a0\u00bboff\u00a0\u00bb button_one_border_color__hover_enabled=\u00a0\u00bboff\u00a0\u00bb button_two_border_color__hover_enabled=\u00a0\u00bboff\u00a0\u00bb button_border_radius__hover_enabled=\u00a0\u00bboff\u00a0\u00bb button_one_border_radius__hover_enabled=\u00a0\u00bboff\u00a0\u00bb button_two_border_radius__hover_enabled=\u00a0\u00bboff\u00a0\u00bb button_letter_spacing__hover_enabled=\u00a0\u00bbon\u00a0\u00bb button_letter_spacing__hover=\u00a0\u00bb2px\u00a0\u00bb button_one_letter_spacing__hover_enabled=\u00a0\u00bboff\u00a0\u00bb button_two_letter_spacing__hover_enabled=\u00a0\u00bboff\u00a0\u00bb button_bg_color__hover_enabled=\u00a0\u00bboff\u00a0\u00bb button_one_bg_color__hover_enabled=\u00a0\u00bboff\u00a0\u00bb button_two_bg_color__hover_enabled=\u00a0\u00bboff\u00a0\u00bb button_url=\u00a0\u00bb#uebermich\u00a0\u00bb sticky_enabled=\u00a0\u00bb0&Prime;][\/et_pb_button][\/et_pb_column][et_pb_column type=\u00a0\u00bb1_2&Prime; _builder_version=\u00a0\u00bb4.27.4&Prime; _module_preset=\u00a0\u00bbdefault\u00a0\u00bb global_colors_info=\u00a0\u00bb{}\u00a0\u00bb][et_pb_button button_url=\u00a0\u00bb&lt;!&#8211;&#91;CDATA&#91;#tarocchi&#93;&#93;&#8211;&gt;\u00a0\u00bb button_text=\u00a0\u00bb\u00c0 propos de l\u2019Accademia dei Tarocchi\u00a0\u00bb button_alignment=\u00a0\u00bbcenter\u00a0\u00bb admin_label=\u00a0\u00bbButton\u00a0\u00bb _builder_version=\u00a0\u00bb4.27.4&Prime; custom_button=\u00a0\u00bbon\u00a0\u00bb button_text_size=\u00a0\u00bb16px\u00a0\u00bb button_text_color=\u00a0\u00bb#ffffff\u00a0\u00bb button_bg_color=\u00a0\u00bb#54008B\u00a0\u00bb button_border_width=\u00a0\u00bb0px\u00a0\u00bb button_letter_spacing=\u00a0\u00bb2px\u00a0\u00bb button_font=\u00a0\u00bbMontserrat|600||on|||||\u00a0\u00bb custom_margin=\u00a0\u00bb|||\u00a0\u00bb custom_padding=\u00a0\u00bb12px||12px|\u00a0\u00bb animation_style=\u00a0\u00bbfade\u00a0\u00bb button_letter_spacing_hover=\u00a0\u00bb2px\u00a0\u00bb global_colors_info=\u00a0\u00bb{}\u00a0\u00bb button_text_size__hover_enabled=\u00a0\u00bboff\u00a0\u00bb button_one_text_size__hover_enabled=\u00a0\u00bboff\u00a0\u00bb button_two_text_size__hover_enabled=\u00a0\u00bboff\u00a0\u00bb button_text_color__hover_enabled=\u00a0\u00bboff\u00a0\u00bb button_one_text_color__hover_enabled=\u00a0\u00bboff\u00a0\u00bb button_two_text_color__hover_enabled=\u00a0\u00bboff\u00a0\u00bb button_border_width__hover_enabled=\u00a0\u00bboff\u00a0\u00bb button_one_border_width__hover_enabled=\u00a0\u00bboff\u00a0\u00bb button_two_border_width__hover_enabled=\u00a0\u00bboff\u00a0\u00bb button_border_color__hover_enabled=\u00a0\u00bboff\u00a0\u00bb button_one_border_color__hover_enabled=\u00a0\u00bboff\u00a0\u00bb button_two_border_color__hover_enabled=\u00a0\u00bboff\u00a0\u00bb button_border_radius__hover_enabled=\u00a0\u00bboff\u00a0\u00bb button_one_border_radius__hover_enabled=\u00a0\u00bboff\u00a0\u00bb button_two_border_radius__hover_enabled=\u00a0\u00bboff\u00a0\u00bb button_letter_spacing__hover_enabled=\u00a0\u00bbon\u00a0\u00bb button_letter_spacing__hover=\u00a0\u00bb2px\u00a0\u00bb button_one_letter_spacing__hover_enabled=\u00a0\u00bboff\u00a0\u00bb button_two_letter_spacing__hover_enabled=\u00a0\u00bboff\u00a0\u00bb button_bg_color__hover_enabled=\u00a0\u00bboff\u00a0\u00bb button_one_bg_color__hover_enabled=\u00a0\u00bboff\u00a0\u00bb button_two_bg_color__hover_enabled=\u00a0\u00bboff\u00a0\u00bb][\/et_pb_button][\/et_pb_column][\/et_pb_row][\/et_pb_section][et_pb_section fb_built=\u00a0\u00bb1&Prime; admin_label=\u00a0\u00bbAbout Section\u00a0\u00bb _builder_version=\u00a0\u00bb4.27.4&Prime; background_color=\u00a0\u00bb#f7f7f7&Prime; custom_padding=\u00a0\u00bb||70px||false|false\u00a0\u00bb hover_enabled=\u00a0\u00bb0&Prime; collapsed=\u00a0\u00bboff\u00a0\u00bb global_colors_info=\u00a0\u00bb{}\u00a0\u00bb module_id=\u00a0\u00bbuebermich\u00a0\u00bb sticky_enabled=\u00a0\u00bb0&Prime;][et_pb_row admin_label=\u00a0\u00bbTitre de la section\u00a0\u00bb _builder_version=\u00a0\u00bb4.16&Prime; custom_margin=\u00a0\u00bb||40px|\u00a0\u00bb custom_padding=\u00a0\u00bb||0px|\u00a0\u00bb global_colors_info=\u00a0\u00bb{}\u00a0\u00bb][et_pb_column type=\u00a0\u00bb4_4&Prime; _builder_version=\u00a0\u00bb4.16&Prime; custom_padding=\u00a0\u00bb|||\u00a0\u00bb global_colors_info=\u00a0\u00bb{}\u00a0\u00bb custom_padding__hover=\u00a0\u00bb|||\u00a0\u00bb][et_pb_text admin_label=\u00a0\u00bbTitle\u00a0\u00bb _builder_version=\u00a0\u00bb4.27.4&Prime; text_font=\u00a0\u00bb||||||||\u00a0\u00bb header_font=\u00a0\u00bb||||||||\u00a0\u00bb header_2_font=\u00a0\u00bbMontserrat|600||on|||||\u00a0\u00bb header_2_text_align=\u00a0\u00bbcenter\u00a0\u00bb header_2_font_size=\u00a0\u00bb30px\u00a0\u00bb custom_margin=\u00a0\u00bb||5px|\u00a0\u00bb animation_style=\u00a0\u00bbslide\u00a0\u00bb animation_direction=\u00a0\u00bbtop\u00a0\u00bb animation_intensity_slide=\u00a0\u00bb20%\u00a0\u00bb animation_starting_opacity=\u00a0\u00bb100%\u00a0\u00bb global_colors_info=\u00a0\u00bb{}\u00a0\u00bb]<\/p>\n<h2>Frank Wiltgen<\/h2>\n<p>Gr\u00e2ce \u00e0 mon p\u00e8re, j&rsquo;ai \u00e9t\u00e9 sensibilis\u00e9 tr\u00e8s t\u00f4t \u00e0 la spiritualit\u00e9. Au fil des ann\u00e9es, l&rsquo;exp\u00e9rience spirituelle s&rsquo;est fortement manifest\u00e9e dans ma vie et a \u00e9t\u00e9 marqu\u00e9e par mon p\u00e8re et son vaste r\u00e9pertoire de lectures spirituelles<strong><em>.<\/em><\/strong><\/p>\n<p>En tant que p\u00e8re de quatre enfants, pendant les premi\u00e8res ann\u00e9es de ma vie, je me suis principalement consacr\u00e9 aux aspects terrestres et mat\u00e9riels, c&rsquo;est-\u00e0-dire \u00e0 mon travail et \u00e0 ma famille.<\/p>\n<p>\u00c0 la mi-trentaine, mon voyage spirituel a commenc\u00e9 par une retraite en France et n&rsquo;a plus jamais cess\u00e9 depuis.<\/p>\n<p>D&rsquo;une mani\u00e8re plut\u00f4t inconsciente, j&rsquo;avais d\u00e9j\u00e0 commenc\u00e9 plus t\u00f4t dans ma vie \u00e0 ressentir l&rsquo;\u00e9nergie vitale du CHI, gr\u00e2ce \u00e0 la pratique intensive de l\u2019art martial du Kung-Fu.<\/p>\n<p>Tr\u00e8s t\u00f4t dans ma vie, j&rsquo;ai ressenti le besoin de chercher un sens plus profond \u00e0 ma vie et j&rsquo;avais pour objectif de contribuer \u00e0 rendre le monde un peu \u00ab meilleur \u00bb, plus harmonieux et surtout plus humain.<\/p>\n<p>Depuis, j&rsquo;ai suivi de nombreux s\u00e9minaires et formations en kin\u00e9siologie humaine et animale, en communication animale, en tant que m\u00e9dium, notamment au Arthur Findlay College en Angleterre, en chamanisme avec Reinhard Stengel, en tant que gu\u00e9risseur spirituel selon les directives de la DGH (membre de l&rsquo;association allemande des gu\u00e9risseurs spirituels), avec J\u00fcrgen Bongardt de Rheinbach, ainsi qu&rsquo;en num\u00e9rologie avec Anne Vonjahr et en Tarot de Marseille avec Carlo Bozzelli, fondateur de l&rsquo;Accademia dei Tarocchi en Italie.<\/p>\n<p>Il \u00e9tait tr\u00e8s important pour mon d\u00e9veloppement spirituel de rechercher aupr\u00e8s de chaque ma\u00eetre ce qui pouvait \u00eatre utile \u00e0 moi-m\u00eame ainsi qu\u2019aux autres gens.<\/p>\n<p>Je compare cela \u00e0 une fleur qui a \u00e9t\u00e9 amen\u00e9e \u00e0 fleurir et, en chemin, chaque feuille a apport\u00e9 sa contribution \u00e0 l&rsquo;\u00e9panouissement de la fleur.<\/p>\n<p>Depuis plusieurs ann\u00e9es, je travaille activement avec la Num\u00e9rologie en combinaison avec le Tarot de Marseille, qui sont tr\u00e8s compl\u00e9mentaires.<\/p>\n<p>Ces deux enseignements spirituels consistent d&rsquo;abord \u00e0 acqu\u00e9rir une base th\u00e9orique solide qui permet de conserver l&rsquo;objectivit\u00e9 n\u00e9cessaire.<\/p>\n<p>Ces connaissances th\u00e9oriques fournissent le cadre dans lequel on peut utiliser son intuition.<\/p>\n<p>On cr\u00e9e ainsi la possibilit\u00e9 d&rsquo;utiliser les deux h\u00e9misph\u00e8res de notre cerveau, c&rsquo;est-\u00e0-dire non seulement notre esprit rationnel et notre intellect, mais \u00e9galement nos capacit\u00e9s intuitives et cr\u00e9atives.<\/p>\n<p>En Num\u00e9rologie et en Tarot de Marseille, je propose des s\u00e9ances individuelles ainsi que des formations, afin de partager mes connaissances acquises au fil de nombreuses ann\u00e9es avec d&rsquo;autres personnes.<br \/>L&rsquo;objectif principal \u00e9tant d&rsquo;\u00e9lever la conscience des gens en \u00e9tablissant la connexion et l&rsquo;harmonisation entre la personnalit\u00e9 et l&rsquo;\u00e2me.<\/p>\n<p>Gr\u00e2ce \u00e0 l&rsquo;enseignement du Tarot et de la Num\u00e9rologie, Ta vie changera et Tu seras en mesure de d\u00e9couvrir l&rsquo;amour humain, l&rsquo;amour de la nature et du monde animal, pour devenir ainsi un ambassadeur de la paix, de l&rsquo;amour et du respect.<\/p>\n<p>Dans mon travail, il est essentiellement important pour moi d&rsquo;agir avec empathie et humilit\u00e9.<\/p>\n<p>[\/et_pb_text][\/et_pb_column][\/et_pb_row][et_pb_row module_id=\u00a0\u00bbtarocchi\u00a0\u00bb _builder_version=\u00a0\u00bb4.27.4&Prime; _module_preset=\u00a0\u00bbdefault\u00a0\u00bb global_colors_info=\u00a0\u00bb{}\u00a0\u00bb][et_pb_column type=\u00a0\u00bb4_4&Prime; _builder_version=\u00a0\u00bb4.27.4&Prime; _module_preset=\u00a0\u00bbdefault\u00a0\u00bb global_colors_info=\u00a0\u00bb{}\u00a0\u00bb][et_pb_text _builder_version=\u00a0\u00bb4.27.4&Prime; _module_preset=\u00a0\u00bbdefault\u00a0\u00bb global_colors_info=\u00a0\u00bb{}\u00a0\u00bb]<\/p>\n<h2>L&rsquo;Acad\u00e9mie du Tarot de Carlo Bozzelli<\/h2>\n<p>L <a href=\"https:\/\/tarocchi.com\/en\" target=\"_blank\" rel=\"noopener\">&lsquo;\u00a0\u00bb ACCADEMIA DEI TAROCCHI \u00ab\u00a0,<\/a> fond\u00e9e par Carlo Bozzelli et Sara Chigioni en l\u2019an 2009 est un espace cr\u00e9\u00e9 pour offrir une \u00e9tude authentique et une perspective spirituelle sur un sujet trop souvent mal compris et vulgaris\u00e9.<\/p>\n<p>Elle a \u00e9t\u00e9 con\u00e7ue pour transmettre une M\u00e9thode de lecture objective et disciplin\u00e9e. La connaissance des Codes et des Lois de ces anciennes ic\u00f4nes permet de les utiliser scientifiquement, selon des r\u00e8gles pr\u00e9cises qui rendent possible une communication extraordinaire avec ce que l&rsquo;on peut appeler une Intelligence mill\u00e9naire. Il s\u2019agit, donc, d&rsquo;enseigner une technique rigoureuse qui \u00e9tablit une v\u00e9ritable connexion avec le soi sup\u00e9rieur.<\/p>\n<p>En apprenant le langage du Tarot il est possible de d\u00e9chiffrer objectivement les r\u00e9ponses du Tarot sous forme de v\u00e9ritables phrases grammaticales. Ainsi, comme si on l&rsquo;avait appris une nouvelle langue, il sera possible de traduire etcommuniquer son contenu, tant pour soi-m\u00eame, que pour les autres.<\/p>\n<p>L&rsquo;apprentissage de cette M\u00e9thode apporte une \u00e9nergie transformatrice qui permet de vivre des changements intimes et profonds, desacc\u00e9l\u00e9rations miraculeuses, une v\u00e9ritable m\u00e9tamorphose existentielle. Les participants au s\u00e9minaire rapportent que quelque chose d&rsquo;essentiel change en eux. ILes participants aux s\u00e9minaires rapportent que quelque chose d&rsquo;essentiel change en eux. Il ne s&rsquo;agit pas d&rsquo;une conception, d&rsquo;une id\u00e9e, d&rsquo;une croyance ou d&rsquo;un syst\u00e8me intellectuel: tout est chang\u00e9, comme si l&rsquo;on entrait dans un Livre magique qui permet de p\u00e9n\u00e9trer dans les choses secr\u00e8tes d&rsquo;une autre dimension, la vie de l&rsquo;\u00c2me.<\/p>\n<p><strong><em>\u00ab\u00a0L&rsquo;approche et la philosophie du Tarot de Marseille, telles qu&rsquo;elles sont enseign\u00e9es par l&rsquo;Acad\u00e9mie du Tarot selon Carlo Bozzelli, et surtout la profondeur de sa compr\u00e9hension du Tarot, ont profond\u00e9ment chang\u00e9 ma vie\u00a0\u00bb.<\/em><\/strong><\/p>\n<p>[\/et_pb_text][\/et_pb_column][\/et_pb_row][\/et_pb_section][et_pb_section fb_built=\u00a0\u00bb1&Prime; admin_label=\u00a0\u00bbSektion Accademia dei Tarocchi lila\u00a0\u00bb module_id=\u00a0\u00bbtarocchi\u00a0\u00bb _builder_version=\u00a0\u00bb4.27.4&Prime; _module_preset=\u00a0\u00bbdefault\u00a0\u00bb background_color=\u00a0\u00bb#54008B\u00a0\u00bb custom_padding=\u00a0\u00bb10px||10px||false|false\u00a0\u00bb global_module=\u00a0\u00bb429&Prime; saved_tabs=\u00a0\u00bball\u00a0\u00bb global_colors_info=\u00a0\u00bb{}\u00a0\u00bb][et_pb_row column_structure=\u00a0\u00bb3_5,2_5&Prime; _builder_version=\u00a0\u00bb4.27.4&Prime; _module_preset=\u00a0\u00bbdefault\u00a0\u00bb global_colors_info=\u00a0\u00bb{}\u00a0\u00bb][et_pb_column type=\u00a0\u00bb3_5&Prime; _builder_version=\u00a0\u00bb4.27.4&Prime; _module_preset=\u00a0\u00bbdefault\u00a0\u00bb global_colors_info=\u00a0\u00bb{}\u00a0\u00bb][et_pb_text _builder_version=\u00a0\u00bb4.27.4&Prime; _module_preset=\u00a0\u00bbdefault\u00a0\u00bb link_text_color=\u00a0\u00bb#F2E500&Prime; background_layout=\u00a0\u00bbdark\u00a0\u00bb global_colors_info=\u00a0\u00bb{}\u00a0\u00bb]<\/p>\n<h3>Tarot de Marseille<\/h3>\n<p>Formation en coop\u00e9ration avec<br \/>Carlo Bozzelli \/ Accademia dei Tarocchi<br \/><a href=\"https:\/\/tarocchi.com\/en\" target=\"_blank\" rel=\"noopener\">https:\/\/tarocchi.com<\/a><\/p>\n<p>[\/et_pb_text][\/et_pb_column][et_pb_column type=\u00a0\u00bb2_5&Prime; _builder_version=\u00a0\u00bb4.27.4&Prime; _module_preset=\u00a0\u00bbdefault\u00a0\u00bb global_colors_info=\u00a0\u00bb{}\u00a0\u00bb][et_pb_image src=\u00a0\u00bbhttps:\/\/tarot-numerologie.lu\/wp-content\/uploads\/2025\/08\/nuovo-logo-sito_modificato.png\u00a0\u00bb title_text=\u00a0\u00bbnuovo-logo-sito_modificato\u00a0\u00bb url=\u00a0\u00bbhttps:\/\/tarocchi.com\/en\u00a0\u00bb url_new_window=\u00a0\u00bbon\u00a0\u00bb _builder_version=\u00a0\u00bb4.27.4&Prime; _module_preset=\u00a0\u00bbdefault\u00a0\u00bb global_colors_info=\u00a0\u00bb{}\u00a0\u00bb][\/et_pb_image][\/et_pb_column][\/et_pb_row][\/et_pb_section]<\/p>\n","protected":false},"excerpt":{"rendered":"<p>Frank Wiltgen \u00c0 propos de moiFrank Wiltgen Gr\u00e2ce \u00e0 mon p\u00e8re, j&rsquo;ai \u00e9t\u00e9 sensibilis\u00e9 tr\u00e8s t\u00f4t \u00e0 la spiritualit\u00e9. Au fil des ann\u00e9es, l&rsquo;exp\u00e9rience spirituelle s&rsquo;est fortement manifest\u00e9e dans ma vie et a \u00e9t\u00e9 marqu\u00e9e par mon p\u00e8re et son vaste r\u00e9pertoire de lectures spirituelles. En tant que p\u00e8re de quatre enfants, pendant les premi\u00e8res [&hellip;]<\/p>\n","protected":false},"author":1,"featured_media":0,"parent":0,"menu_order":4,"comment_status":"closed","ping_status":"closed","template":"","meta":{"_et_pb_use_builder":"on","_et_pb_old_content":"","_et_gb_content_width":"","footnotes":""},"class_list":["post-512","page","type-page","status-publish","hentry"],"yoast_head":"<!-- This site is optimized with the Yoast SEO plugin v27.3 - https:\/\/yoast.com\/product\/yoast-seo-wordpress\/ -->\n<title>\u00e0 propos de moi - Tarot &amp; Numerologie Frank Wiltgen<\/title>\n<meta name=\"robots\" content=\"index, follow, max-snippet:-1, max-image-preview:large, max-video-preview:-1\" \/>\n<link rel=\"canonical\" href=\"https:\/\/tarot-numerologie.lu\/fr\/a-propos-de-moi\/\" \/>\n<meta property=\"og:locale\" content=\"fr_FR\" \/>\n<meta property=\"og:type\" content=\"article\" \/>\n<meta property=\"og:title\" content=\"\u00e0 propos de moi - Tarot &amp; Numerologie Frank Wiltgen\" \/>\n<meta property=\"og:description\" content=\"Frank Wiltgen \u00c0 propos de moiFrank Wiltgen Gr\u00e2ce \u00e0 mon p\u00e8re, j&#039;ai \u00e9t\u00e9 sensibilis\u00e9 tr\u00e8s t\u00f4t \u00e0 la spiritualit\u00e9. Au fil des ann\u00e9es, l&#039;exp\u00e9rience spirituelle s&#039;est fortement manifest\u00e9e dans ma vie et a \u00e9t\u00e9 marqu\u00e9e par mon p\u00e8re et son vaste r\u00e9pertoire de lectures spirituelles. En tant que p\u00e8re de quatre enfants, pendant les premi\u00e8res [&hellip;]\" \/>\n<meta property=\"og:url\" content=\"https:\/\/tarot-numerologie.lu\/fr\/a-propos-de-moi\/\" \/>\n<meta property=\"og:site_name\" content=\"Tarot &amp; Numerologie Frank Wiltgen\" \/>\n<meta property=\"article:modified_time\" content=\"2026-01-29T10:04:11+00:00\" \/>\n<meta name=\"twitter:card\" content=\"summary_large_image\" \/>\n<meta name=\"twitter:label1\" content=\"Dur\u00e9e de lecture estim\u00e9e\" \/>\n\t<meta name=\"twitter:data1\" content=\"9 minutes\" \/>\n<script type=\"application\/ld+json\" class=\"yoast-schema-graph\">{\"@context\":\"https:\\\/\\\/schema.org\",\"@graph\":[{\"@type\":\"WebPage\",\"@id\":\"https:\\\/\\\/tarot-numerologie.lu\\\/fr\\\/a-propos-de-moi\\\/\",\"url\":\"https:\\\/\\\/tarot-numerologie.lu\\\/fr\\\/a-propos-de-moi\\\/\",\"name\":\"\u00e0 propos de moi - Tarot &amp; Numerologie Frank Wiltgen\",\"isPartOf\":{\"@id\":\"https:\\\/\\\/tarot-numerologie.lu\\\/fr\\\/#website\"},\"datePublished\":\"2025-08-13T15:18:38+00:00\",\"dateModified\":\"2026-01-29T10:04:11+00:00\",\"breadcrumb\":{\"@id\":\"https:\\\/\\\/tarot-numerologie.lu\\\/fr\\\/a-propos-de-moi\\\/#breadcrumb\"},\"inLanguage\":\"fr-FR\",\"potentialAction\":[{\"@type\":\"ReadAction\",\"target\":[\"https:\\\/\\\/tarot-numerologie.lu\\\/fr\\\/a-propos-de-moi\\\/\"]}]},{\"@type\":\"BreadcrumbList\",\"@id\":\"https:\\\/\\\/tarot-numerologie.lu\\\/fr\\\/a-propos-de-moi\\\/#breadcrumb\",\"itemListElement\":[{\"@type\":\"ListItem\",\"position\":1,\"name\":\"Startseite\",\"item\":\"https:\\\/\\\/tarot-numerologie.lu\\\/fr\\\/\"},{\"@type\":\"ListItem\",\"position\":2,\"name\":\"\u00e0 propos de moi\"}]},{\"@type\":\"WebSite\",\"@id\":\"https:\\\/\\\/tarot-numerologie.lu\\\/fr\\\/#website\",\"url\":\"https:\\\/\\\/tarot-numerologie.lu\\\/fr\\\/\",\"name\":\"Tarot & Numerologie Frank Wiltgen\",\"description\":\"\",\"potentialAction\":[{\"@type\":\"SearchAction\",\"target\":{\"@type\":\"EntryPoint\",\"urlTemplate\":\"https:\\\/\\\/tarot-numerologie.lu\\\/fr\\\/?s={search_term_string}\"},\"query-input\":{\"@type\":\"PropertyValueSpecification\",\"valueRequired\":true,\"valueName\":\"search_term_string\"}}],\"inLanguage\":\"fr-FR\"}]}<\/script>\n<!-- \/ Yoast SEO plugin. -->","yoast_head_json":{"title":"\u00e0 propos de moi - Tarot &amp; Numerologie Frank Wiltgen","robots":{"index":"index","follow":"follow","max-snippet":"max-snippet:-1","max-image-preview":"max-image-preview:large","max-video-preview":"max-video-preview:-1"},"canonical":"https:\/\/tarot-numerologie.lu\/fr\/a-propos-de-moi\/","og_locale":"fr_FR","og_type":"article","og_title":"\u00e0 propos de moi - Tarot &amp; Numerologie Frank Wiltgen","og_description":"Frank Wiltgen \u00c0 propos de moiFrank Wiltgen Gr\u00e2ce \u00e0 mon p\u00e8re, j'ai \u00e9t\u00e9 sensibilis\u00e9 tr\u00e8s t\u00f4t \u00e0 la spiritualit\u00e9. Au fil des ann\u00e9es, l'exp\u00e9rience spirituelle s'est fortement manifest\u00e9e dans ma vie et a \u00e9t\u00e9 marqu\u00e9e par mon p\u00e8re et son vaste r\u00e9pertoire de lectures spirituelles. En tant que p\u00e8re de quatre enfants, pendant les premi\u00e8res [&hellip;]","og_url":"https:\/\/tarot-numerologie.lu\/fr\/a-propos-de-moi\/","og_site_name":"Tarot &amp; Numerologie Frank Wiltgen","article_modified_time":"2026-01-29T10:04:11+00:00","twitter_card":"summary_large_image","twitter_misc":{"Dur\u00e9e de lecture estim\u00e9e":"9 minutes"},"schema":{"@context":"https:\/\/schema.org","@graph":[{"@type":"WebPage","@id":"https:\/\/tarot-numerologie.lu\/fr\/a-propos-de-moi\/","url":"https:\/\/tarot-numerologie.lu\/fr\/a-propos-de-moi\/","name":"\u00e0 propos de moi - Tarot &amp; Numerologie Frank Wiltgen","isPartOf":{"@id":"https:\/\/tarot-numerologie.lu\/fr\/#website"},"datePublished":"2025-08-13T15:18:38+00:00","dateModified":"2026-01-29T10:04:11+00:00","breadcrumb":{"@id":"https:\/\/tarot-numerologie.lu\/fr\/a-propos-de-moi\/#breadcrumb"},"inLanguage":"fr-FR","potentialAction":[{"@type":"ReadAction","target":["https:\/\/tarot-numerologie.lu\/fr\/a-propos-de-moi\/"]}]},{"@type":"BreadcrumbList","@id":"https:\/\/tarot-numerologie.lu\/fr\/a-propos-de-moi\/#breadcrumb","itemListElement":[{"@type":"ListItem","position":1,"name":"Startseite","item":"https:\/\/tarot-numerologie.lu\/fr\/"},{"@type":"ListItem","position":2,"name":"\u00e0 propos de moi"}]},{"@type":"WebSite","@id":"https:\/\/tarot-numerologie.lu\/fr\/#website","url":"https:\/\/tarot-numerologie.lu\/fr\/","name":"Tarot & Numerologie Frank Wiltgen","description":"","potentialAction":[{"@type":"SearchAction","target":{"@type":"EntryPoint","urlTemplate":"https:\/\/tarot-numerologie.lu\/fr\/?s={search_term_string}"},"query-input":{"@type":"PropertyValueSpecification","valueRequired":true,"valueName":"search_term_string"}}],"inLanguage":"fr-FR"}]}},"_links":{"self":[{"href":"https:\/\/tarot-numerologie.lu\/fr\/wp-json\/wp\/v2\/pages\/512","targetHints":{"allow":["GET"]}}],"collection":[{"href":"https:\/\/tarot-numerologie.lu\/fr\/wp-json\/wp\/v2\/pages"}],"about":[{"href":"https:\/\/tarot-numerologie.lu\/fr\/wp-json\/wp\/v2\/types\/page"}],"author":[{"embeddable":true,"href":"https:\/\/tarot-numerologie.lu\/fr\/wp-json\/wp\/v2\/users\/1"}],"replies":[{"embeddable":true,"href":"https:\/\/tarot-numerologie.lu\/fr\/wp-json\/wp\/v2\/comments?post=512"}],"version-history":[{"count":31,"href":"https:\/\/tarot-numerologie.lu\/fr\/wp-json\/wp\/v2\/pages\/512\/revisions"}],"predecessor-version":[{"id":1534,"href":"https:\/\/tarot-numerologie.lu\/fr\/wp-json\/wp\/v2\/pages\/512\/revisions\/1534"}],"wp:attachment":[{"href":"https:\/\/tarot-numerologie.lu\/fr\/wp-json\/wp\/v2\/media?parent=512"}],"curies":[{"name":"wp","href":"https:\/\/api.w.org\/{rel}","templated":true}]}}